{"id":837,"date":"2023-04-13T12:40:46","date_gmt":"2023-04-13T10:40:46","guid":{"rendered":"https:\/\/www.avenida12.com\/dove-siamo\/"},"modified":"2023-05-12T18:22:25","modified_gmt":"2023-05-12T16:22:25","slug":"standort","status":"publish","type":"page","link":"https:\/\/www.avenida12.com\/de\/standort\/","title":{"rendered":"Standort"},"content":{"rendered":"\t\t<div data-elementor-type=\"wp-page\" data-elementor-id=\"837\" class=\"elementor elementor-837 elementor-224\" data-elementor-settings=\"{&quot;ha_cmc_init_switcher&quot;:&quot;no&quot;}\" data-elementor-post-type=\"page\">\n\t\t\t\t\t\t<section class=\"elementor-section elementor-top-section elementor-element elementor-element-53e1b614 elementor-section-boxed elementor-section-height-default elementor-section-height-default\" data-id=\"53e1b614\" data-element_type=\"section\" data-settings=\"{&quot;background_background&quot;:&quot;classic&quot;,&quot;shape_divider_bottom&quot;:&quot;split&quot;,&quot;_ha_eqh_enable&quot;:false}\">\n\t\t\t\t\t<div class=\"elementor-shape elementor-shape-bottom\" aria-hidden=\"true\" data-negative=\"false\">\n\t\t\t<svg xmlns=\"http:\/\/www.w3.org\/2000\/svg\" viewBox=\"0 0 1000 20\" preserveAspectRatio=\"none\">\n\t<path class=\"elementor-shape-fill\" d=\"M0,0v3c0,0,393.8,0,483.4,0c9.2,0,16.6,7.4,16.6,16.6c0-9.1,7.4-16.6,16.6-16.6C606.2,3,1000,3,1000,3V0H0z\"\/>\n<\/svg>\t\t<\/div>\n\t\t\t\t\t<div class=\"elementor-container elementor-column-gap-default\">\n\t\t\t\t\t<div class=\"elementor-column elementor-col-100 elementor-top-column elementor-element elementor-element-202ce0cf\" data-id=\"202ce0cf\" data-element_type=\"column\">\n\t\t\t<div class=\"elementor-widget-wrap elementor-element-populated\">\n\t\t\t\t\t\t<div class=\"elementor-element elementor-element-7d932ce elementor-widget elementor-widget-theme-post-title elementor-page-title elementor-widget-heading\" data-id=\"7d932ce\" data-element_type=\"widget\" data-widget_type=\"theme-post-title.default\">\n\t\t\t\t<div class=\"elementor-widget-container\">\n\t\t\t\t\t<h1 class=\"elementor-heading-title elementor-size-xl\">Standort<\/h1>\t\t\t\t<\/div>\n\t\t\t\t<\/div>\n\t\t\t\t\t<\/div>\n\t\t<\/div>\n\t\t\t\t\t<\/div>\n\t\t<\/section>\n\t\t\t\t<section class=\"elementor-section elementor-top-section elementor-element elementor-element-a36cde7 elementor-section-boxed elementor-section-height-default elementor-section-height-default\" data-id=\"a36cde7\" data-element_type=\"section\" data-settings=\"{&quot;shape_divider_bottom&quot;:&quot;arrow&quot;,&quot;_ha_eqh_enable&quot;:false}\">\n\t\t\t\t\t\t\t<div class=\"elementor-background-overlay\"><\/div>\n\t\t\t\t\t\t<div class=\"elementor-shape elementor-shape-bottom\" aria-hidden=\"true\" data-negative=\"false\">\n\t\t\t<svg xmlns=\"http:\/\/www.w3.org\/2000\/svg\" viewBox=\"0 0 700 10\" preserveAspectRatio=\"none\">\n\t<path class=\"elementor-shape-fill\" d=\"M350,10L340,0h20L350,10z\"\/>\n<\/svg>\t\t<\/div>\n\t\t\t\t\t<div class=\"elementor-container elementor-column-gap-default\">\n\t\t\t\t\t<div class=\"elementor-column elementor-col-100 elementor-top-column elementor-element elementor-element-16f44e5e\" data-id=\"16f44e5e\" data-element_type=\"column\" data-settings=\"{&quot;background_background&quot;:&quot;classic&quot;}\">\n\t\t\t<div class=\"elementor-widget-wrap elementor-element-populated\">\n\t\t\t\t\t\t<div class=\"elementor-element elementor-element-3a14603 elementor-widget elementor-widget-spacer\" data-id=\"3a14603\" data-element_type=\"widget\" data-widget_type=\"spacer.default\">\n\t\t\t\t<div class=\"elementor-widget-container\">\n\t\t\t\t\t\t\t<div class=\"elementor-spacer\">\n\t\t\t<div class=\"elementor-spacer-inner\"><\/div>\n\t\t<\/div>\n\t\t\t\t\t\t<\/div>\n\t\t\t\t<\/div>\n\t\t\t\t<section class=\"elementor-section elementor-inner-section elementor-element elementor-element-eb6a70f elementor-section-boxed elementor-section-height-default elementor-section-height-default\" data-id=\"eb6a70f\" data-element_type=\"section\" data-settings=\"{&quot;_ha_eqh_enable&quot;:false}\">\n\t\t\t\t\t\t<div class=\"elementor-container elementor-column-gap-default\">\n\t\t\t\t\t<div class=\"elementor-column elementor-col-50 elementor-inner-column elementor-element elementor-element-88938fa\" data-id=\"88938fa\" data-element_type=\"column\">\n\t\t\t<div class=\"elementor-widget-wrap elementor-element-populated\">\n\t\t\t\t\t\t<div class=\"elementor-element elementor-element-6a9ce591 elementor-drop-cap-yes elementor-drop-cap-view-default elementor-widget elementor-widget-text-editor\" data-id=\"6a9ce591\" data-element_type=\"widget\" data-settings=\"{&quot;drop_cap&quot;:&quot;yes&quot;}\" data-widget_type=\"text-editor.default\">\n\t\t\t\t<div class=\"elementor-widget-container\">\n\t\t\t\t\t\t\t\t\t<p>Avenida12 erwartet Sie im Vicolo Adami 12, mitten in der Altstadt von Alghero, in hervorragender Lage! In unmittelbarer N\u00e4he finden Sie nicht nur viele ausgezeichnete Restaurants und Bars, bunte Mode- und Schmuckboutiquen, malerische kleine Handwerksl\u00e4den, die die Altstadt beleben, sondern auch die wichtigsten \u00f6ffentlichen Verkehrsmittel (6 Minuten Fu\u00dfweg zum Busbahnhof in der Via Catalogna), der 1&nbsp;km weit entfernte Strand &#8222;Lido di Alghero&#8220; und die wichtigsten historischen Sehensw\u00fcrdigkeiten sind in nur wenigen Gehminuten erreichbar.<\/p>\n<p><a href=\"https:\/\/goo.gl\/maps\/Wgn4TSDXhQtUSLXi6\" target=\"_blank\" rel=\"noopener\">Klicken Sie hier, um zu sehen, wo Sie parken k\u00f6nnen!<\/a><\/p>\n<p>Genie\u00dfen Sie Ihren Urlaub im Herzen der Altstadt, nur wenige Schritte von allen Sch\u00f6nheiten Algheros entfernt!<\/p>\n<p>&nbsp;<\/p>\t\t\t\t\t\t\t\t<\/div>\n\t\t\t\t<\/div>\n\t\t\t\t\t<\/div>\n\t\t<\/div>\n\t\t\t\t<div class=\"elementor-column elementor-col-50 elementor-inner-column elementor-element elementor-element-e6ea74b\" data-id=\"e6ea74b\" data-element_type=\"column\" data-settings=\"{&quot;background_background&quot;:&quot;classic&quot;}\">\n\t\t\t<div class=\"elementor-widget-wrap\">\n\t\t\t\t\t\t\t<\/div>\n\t\t<\/div>\n\t\t\t\t\t<\/div>\n\t\t<\/section>\n\t\t\t\t<div class=\"elementor-element elementor-element-71018da elementor-widget elementor-widget-spacer\" data-id=\"71018da\" data-element_type=\"widget\" data-widget_type=\"spacer.default\">\n\t\t\t\t<div class=\"elementor-widget-container\">\n\t\t\t\t\t\t\t<div class=\"elementor-spacer\">\n\t\t\t<div class=\"elementor-spacer-inner\"><\/div>\n\t\t<\/div>\n\t\t\t\t\t\t<\/div>\n\t\t\t\t<\/div>\n\t\t\t\t<div class=\"elementor-element elementor-element-cf30094 elementor-widget elementor-widget-google_maps\" data-id=\"cf30094\" data-element_type=\"widget\" data-widget_type=\"google_maps.default\">\n\t\t\t\t<div class=\"elementor-widget-container\">\n\t\t\t\t\t\t\t<div class=\"elementor-custom-embed\">\n\t\t\t<iframe loading=\"lazy\"\n\t\t\t\t\tsrc=\"https:\/\/maps.google.com\/maps?q=vicolo%20adami%2012%20alghero&#038;t=m&#038;z=16&#038;output=embed&#038;iwloc=near\"\n\t\t\t\t\ttitle=\"vicolo adami 12 alghero\"\n\t\t\t\t\taria-label=\"vicolo adami 12 alghero\"\n\t\t\t><\/iframe>\n\t\t<\/div>\n\t\t\t\t\t\t<\/div>\n\t\t\t\t<\/div>\n\t\t\t\t<div class=\"elementor-element elementor-element-7864dbb8 elementor-widget elementor-widget-spacer\" data-id=\"7864dbb8\" data-element_type=\"widget\" data-widget_type=\"spacer.default\">\n\t\t\t\t<div class=\"elementor-widget-container\">\n\t\t\t\t\t\t\t<div class=\"elementor-spacer\">\n\t\t\t<div class=\"elementor-spacer-inner\"><\/div>\n\t\t<\/div>\n\t\t\t\t\t\t<\/div>\n\t\t\t\t<\/div>\n\t\t\t\t\t<\/div>\n\t\t<\/div>\n\t\t\t\t\t<\/div>\n\t\t<\/section>\n\t\t\t\t<\/div>\n\t\t","protected":false},"excerpt":{"rendered":"<p>Avenida12 erwartet Sie im Vicolo Adami 12, mitten in der Altstadt von Alghero, in hervorragender Lage! In unmittelbarer N\u00e4he finden Sie nicht nur viele ausgezeichnete Restaurants und Bars, bunte Mode- und Schmuckboutiquen, malerische kleine Handwerksl\u00e4den, die die Altstadt beleben, sondern auch die wichtigsten \u00f6ffentlichen Verkehrsmittel (6 Minuten Fu\u00dfweg zum Busbahnhof in der Via Catalogna), der [&hellip;]<\/p>\n","protected":false},"author":1,"featured_media":0,"parent":0,"menu_order":0,"comment_status":"closed","ping_status":"closed","template":"elementor_header_footer","meta":{"footnotes":""},"class_list":["post-837","page","type-page","status-publish","hentry"],"yoast_head":"<!-- This site is optimized with the Yoast SEO plugin v25.2 - https:\/\/yoast.com\/wordpress\/plugins\/seo\/ -->\n<title>Standort - Avenida 12<\/title>\n<meta name=\"robots\" content=\"index, follow, max-snippet:-1, max-image-preview:large, max-video-preview:-1\" \/>\n<link rel=\"canonical\" href=\"https:\/\/www.avenida12.com\/de\/standort\/\" \/>\n<meta property=\"og:locale\" content=\"de_DE\" \/>\n<meta property=\"og:type\" content=\"article\" \/>\n<meta property=\"og:title\" content=\"Standort - Avenida 12\" \/>\n<meta property=\"og:description\" content=\"Avenida12 erwartet Sie im Vicolo Adami 12, mitten in der Altstadt von Alghero, in hervorragender Lage! In unmittelbarer N\u00e4he finden Sie nicht nur viele ausgezeichnete Restaurants und Bars, bunte Mode- und Schmuckboutiquen, malerische kleine Handwerksl\u00e4den, die die Altstadt beleben, sondern auch die wichtigsten \u00f6ffentlichen Verkehrsmittel (6 Minuten Fu\u00dfweg zum Busbahnhof in der Via Catalogna), der [&hellip;]\" \/>\n<meta property=\"og:url\" content=\"https:\/\/www.avenida12.com\/de\/standort\/\" \/>\n<meta property=\"og:site_name\" content=\"Avenida 12\" \/>\n<meta property=\"article:modified_time\" content=\"2023-05-12T16:22:25+00:00\" \/>\n<meta name=\"twitter:card\" content=\"summary_large_image\" \/>\n<meta name=\"twitter:label1\" content=\"Gesch\u00e4tzte Lesezeit\" \/>\n\t<meta name=\"twitter:data1\" content=\"1\u00a0Minute\" \/>\n<script type=\"application\/ld+json\" class=\"yoast-schema-graph\">{\"@context\":\"https:\/\/schema.org\",\"@graph\":[{\"@type\":\"WebPage\",\"@id\":\"https:\/\/www.avenida12.com\/de\/standort\/\",\"url\":\"https:\/\/www.avenida12.com\/de\/standort\/\",\"name\":\"Standort - Avenida 12\",\"isPartOf\":{\"@id\":\"https:\/\/www.avenida12.com\/#website\"},\"datePublished\":\"2023-04-13T10:40:46+00:00\",\"dateModified\":\"2023-05-12T16:22:25+00:00\",\"breadcrumb\":{\"@id\":\"https:\/\/www.avenida12.com\/de\/standort\/#breadcrumb\"},\"inLanguage\":\"de\",\"potentialAction\":[{\"@type\":\"ReadAction\",\"target\":[\"https:\/\/www.avenida12.com\/de\/standort\/\"]}]},{\"@type\":\"BreadcrumbList\",\"@id\":\"https:\/\/www.avenida12.com\/de\/standort\/#breadcrumb\",\"itemListElement\":[{\"@type\":\"ListItem\",\"position\":1,\"name\":\"Home\",\"item\":\"https:\/\/www.avenida12.com\/de\/\"},{\"@type\":\"ListItem\",\"position\":2,\"name\":\"Standort\"}]},{\"@type\":\"WebSite\",\"@id\":\"https:\/\/www.avenida12.com\/#website\",\"url\":\"https:\/\/www.avenida12.com\/\",\"name\":\"Avenida 12\",\"description\":\"Alghero Rooms\",\"publisher\":{\"@id\":\"https:\/\/www.avenida12.com\/#organization\"},\"potentialAction\":[{\"@type\":\"SearchAction\",\"target\":{\"@type\":\"EntryPoint\",\"urlTemplate\":\"https:\/\/www.avenida12.com\/?s={search_term_string}\"},\"query-input\":{\"@type\":\"PropertyValueSpecification\",\"valueRequired\":true,\"valueName\":\"search_term_string\"}}],\"inLanguage\":\"de\"},{\"@type\":\"Organization\",\"@id\":\"https:\/\/www.avenida12.com\/#organization\",\"name\":\"Avenida 12\",\"url\":\"https:\/\/www.avenida12.com\/\",\"logo\":{\"@type\":\"ImageObject\",\"inLanguage\":\"de\",\"@id\":\"https:\/\/www.avenida12.com\/#\/schema\/logo\/image\/\",\"url\":\"https:\/\/www.avenida12.com\/wp-content\/uploads\/2023\/04\/logo.png\",\"contentUrl\":\"https:\/\/www.avenida12.com\/wp-content\/uploads\/2023\/04\/logo.png\",\"width\":232,\"height\":128,\"caption\":\"Avenida 12\"},\"image\":{\"@id\":\"https:\/\/www.avenida12.com\/#\/schema\/logo\/image\/\"}}]}<\/script>\n<!-- \/ Yoast SEO plugin. -->","yoast_head_json":{"title":"Standort - Avenida 12","robots":{"index":"index","follow":"follow","max-snippet":"max-snippet:-1","max-image-preview":"max-image-preview:large","max-video-preview":"max-video-preview:-1"},"canonical":"https:\/\/www.avenida12.com\/de\/standort\/","og_locale":"de_DE","og_type":"article","og_title":"Standort - Avenida 12","og_description":"Avenida12 erwartet Sie im Vicolo Adami 12, mitten in der Altstadt von Alghero, in hervorragender Lage! In unmittelbarer N\u00e4he finden Sie nicht nur viele ausgezeichnete Restaurants und Bars, bunte Mode- und Schmuckboutiquen, malerische kleine Handwerksl\u00e4den, die die Altstadt beleben, sondern auch die wichtigsten \u00f6ffentlichen Verkehrsmittel (6 Minuten Fu\u00dfweg zum Busbahnhof in der Via Catalogna), der [&hellip;]","og_url":"https:\/\/www.avenida12.com\/de\/standort\/","og_site_name":"Avenida 12","article_modified_time":"2023-05-12T16:22:25+00:00","twitter_card":"summary_large_image","twitter_misc":{"Gesch\u00e4tzte Lesezeit":"1\u00a0Minute"},"schema":{"@context":"https:\/\/schema.org","@graph":[{"@type":"WebPage","@id":"https:\/\/www.avenida12.com\/de\/standort\/","url":"https:\/\/www.avenida12.com\/de\/standort\/","name":"Standort - Avenida 12","isPartOf":{"@id":"https:\/\/www.avenida12.com\/#website"},"datePublished":"2023-04-13T10:40:46+00:00","dateModified":"2023-05-12T16:22:25+00:00","breadcrumb":{"@id":"https:\/\/www.avenida12.com\/de\/standort\/#breadcrumb"},"inLanguage":"de","potentialAction":[{"@type":"ReadAction","target":["https:\/\/www.avenida12.com\/de\/standort\/"]}]},{"@type":"BreadcrumbList","@id":"https:\/\/www.avenida12.com\/de\/standort\/#breadcrumb","itemListElement":[{"@type":"ListItem","position":1,"name":"Home","item":"https:\/\/www.avenida12.com\/de\/"},{"@type":"ListItem","position":2,"name":"Standort"}]},{"@type":"WebSite","@id":"https:\/\/www.avenida12.com\/#website","url":"https:\/\/www.avenida12.com\/","name":"Avenida 12","description":"Alghero Rooms","publisher":{"@id":"https:\/\/www.avenida12.com\/#organization"},"potentialAction":[{"@type":"SearchAction","target":{"@type":"EntryPoint","urlTemplate":"https:\/\/www.avenida12.com\/?s={search_term_string}"},"query-input":{"@type":"PropertyValueSpecification","valueRequired":true,"valueName":"search_term_string"}}],"inLanguage":"de"},{"@type":"Organization","@id":"https:\/\/www.avenida12.com\/#organization","name":"Avenida 12","url":"https:\/\/www.avenida12.com\/","logo":{"@type":"ImageObject","inLanguage":"de","@id":"https:\/\/www.avenida12.com\/#\/schema\/logo\/image\/","url":"https:\/\/www.avenida12.com\/wp-content\/uploads\/2023\/04\/logo.png","contentUrl":"https:\/\/www.avenida12.com\/wp-content\/uploads\/2023\/04\/logo.png","width":232,"height":128,"caption":"Avenida 12"},"image":{"@id":"https:\/\/www.avenida12.com\/#\/schema\/logo\/image\/"}}]}},"_links":{"self":[{"href":"https:\/\/www.avenida12.com\/de\/wp-json\/wp\/v2\/pages\/837","targetHints":{"allow":["GET"]}}],"collection":[{"href":"https:\/\/www.avenida12.com\/de\/wp-json\/wp\/v2\/pages"}],"about":[{"href":"https:\/\/www.avenida12.com\/de\/wp-json\/wp\/v2\/types\/page"}],"author":[{"embeddable":true,"href":"https:\/\/www.avenida12.com\/de\/wp-json\/wp\/v2\/users\/1"}],"replies":[{"embeddable":true,"href":"https:\/\/www.avenida12.com\/de\/wp-json\/wp\/v2\/comments?post=837"}],"version-history":[{"count":7,"href":"https:\/\/www.avenida12.com\/de\/wp-json\/wp\/v2\/pages\/837\/revisions"}],"predecessor-version":[{"id":889,"href":"https:\/\/www.avenida12.com\/de\/wp-json\/wp\/v2\/pages\/837\/revisions\/889"}],"wp:attachment":[{"href":"https:\/\/www.avenida12.com\/de\/wp-json\/wp\/v2\/media?parent=837"}],"curies":[{"name":"wp","href":"https:\/\/api.w.org\/{rel}","templated":true}]}}