{"id":936,"date":"2023-04-13T12:41:14","date_gmt":"2023-04-13T10:41:14","guid":{"rendered":"https:\/\/www.avenida12.com\/blog\/"},"modified":"2023-04-13T12:41:14","modified_gmt":"2023-04-13T10:41:14","slug":"blog","status":"publish","type":"page","link":"https:\/\/www.avenida12.com\/de\/blog\/","title":{"rendered":"Blog"},"content":{"rendered":"\t\t<div data-elementor-type=\"wp-page\" data-elementor-id=\"936\" class=\"elementor elementor-936 elementor-226\" data-elementor-settings=\"{&quot;ha_cmc_init_switcher&quot;:&quot;no&quot;}\" data-elementor-post-type=\"page\">\n\t\t\t\t\t\t<section class=\"elementor-section elementor-top-section elementor-element elementor-element-24a85fb9 elementor-section-boxed elementor-section-height-default elementor-section-height-default\" data-id=\"24a85fb9\" data-element_type=\"section\" data-settings=\"{&quot;background_background&quot;:&quot;classic&quot;,&quot;shape_divider_bottom&quot;:&quot;split&quot;,&quot;_ha_eqh_enable&quot;:false}\">\n\t\t\t\t\t<div class=\"elementor-shape elementor-shape-bottom\" aria-hidden=\"true\" data-negative=\"false\">\n\t\t\t<svg xmlns=\"http:\/\/www.w3.org\/2000\/svg\" viewBox=\"0 0 1000 20\" preserveAspectRatio=\"none\">\n\t<path class=\"elementor-shape-fill\" d=\"M0,0v3c0,0,393.8,0,483.4,0c9.2,0,16.6,7.4,16.6,16.6c0-9.1,7.4-16.6,16.6-16.6C606.2,3,1000,3,1000,3V0H0z\"\/>\n<\/svg>\t\t<\/div>\n\t\t\t\t\t<div class=\"elementor-container elementor-column-gap-default\">\n\t\t\t\t\t<div class=\"elementor-column elementor-col-100 elementor-top-column elementor-element elementor-element-6d088252\" data-id=\"6d088252\" data-element_type=\"column\">\n\t\t\t<div class=\"elementor-widget-wrap elementor-element-populated\">\n\t\t\t\t\t\t<div class=\"elementor-element elementor-element-bd39aca elementor-widget elementor-widget-theme-post-title elementor-page-title elementor-widget-heading\" data-id=\"bd39aca\" data-element_type=\"widget\" data-widget_type=\"theme-post-title.default\">\n\t\t\t\t<div class=\"elementor-widget-container\">\n\t\t\t\t\t<h1 class=\"elementor-heading-title elementor-size-xl\">Blog<\/h1>\t\t\t\t<\/div>\n\t\t\t\t<\/div>\n\t\t\t\t\t<\/div>\n\t\t<\/div>\n\t\t\t\t\t<\/div>\n\t\t<\/section>\n\t\t\t\t<section class=\"elementor-section elementor-top-section elementor-element elementor-element-695ba490 elementor-section-boxed elementor-section-height-default elementor-section-height-default\" data-id=\"695ba490\" data-element_type=\"section\" data-settings=\"{&quot;shape_divider_bottom&quot;:&quot;arrow&quot;,&quot;_ha_eqh_enable&quot;:false}\">\n\t\t\t\t\t\t\t<div class=\"elementor-background-overlay\"><\/div>\n\t\t\t\t\t\t<div class=\"elementor-shape elementor-shape-bottom\" aria-hidden=\"true\" data-negative=\"false\">\n\t\t\t<svg xmlns=\"http:\/\/www.w3.org\/2000\/svg\" viewBox=\"0 0 700 10\" preserveAspectRatio=\"none\">\n\t<path class=\"elementor-shape-fill\" d=\"M350,10L340,0h20L350,10z\"\/>\n<\/svg>\t\t<\/div>\n\t\t\t\t\t<div class=\"elementor-container elementor-column-gap-default\">\n\t\t\t\t\t<div class=\"elementor-column elementor-col-100 elementor-top-column elementor-element elementor-element-56470495\" data-id=\"56470495\" data-element_type=\"column\" data-settings=\"{&quot;background_background&quot;:&quot;classic&quot;}\">\n\t\t\t<div class=\"elementor-widget-wrap elementor-element-populated\">\n\t\t\t\t\t\t<div class=\"elementor-element elementor-element-c0b53d7 elementor-widget elementor-widget-spacer\" data-id=\"c0b53d7\" data-element_type=\"widget\" data-widget_type=\"spacer.default\">\n\t\t\t\t<div class=\"elementor-widget-container\">\n\t\t\t\t\t\t\t<div class=\"elementor-spacer\">\n\t\t\t<div class=\"elementor-spacer-inner\"><\/div>\n\t\t<\/div>\n\t\t\t\t\t\t<\/div>\n\t\t\t\t<\/div>\n\t\t\t\t<div class=\"elementor-element elementor-element-65e47c0 elementor-grid-3 elementor-grid-tablet-2 elementor-grid-mobile-1 elementor-posts--thumbnail-top elementor-posts--show-avatar elementor-card-shadow-yes elementor-posts__hover-gradient elementor-widget elementor-widget-posts\" data-id=\"65e47c0\" data-element_type=\"widget\" data-settings=\"{&quot;cards_columns&quot;:&quot;3&quot;,&quot;cards_columns_tablet&quot;:&quot;2&quot;,&quot;cards_columns_mobile&quot;:&quot;1&quot;,&quot;cards_row_gap&quot;:{&quot;unit&quot;:&quot;px&quot;,&quot;size&quot;:35,&quot;sizes&quot;:[]},&quot;cards_row_gap_tablet&quot;:{&quot;unit&quot;:&quot;px&quot;,&quot;size&quot;:&quot;&quot;,&quot;sizes&quot;:[]},&quot;cards_row_gap_mobile&quot;:{&quot;unit&quot;:&quot;px&quot;,&quot;size&quot;:&quot;&quot;,&quot;sizes&quot;:[]}}\" data-widget_type=\"posts.cards\">\n\t\t\t\t<div class=\"elementor-widget-container\">\n\t\t\t\t\t\t\t<div class=\"elementor-posts-container elementor-posts elementor-posts--skin-cards elementor-grid\">\n\t\t\t\t<article class=\"elementor-post elementor-grid-item post-865 post type-post status-publish format-standard has-post-thumbnail hentry category-blog-de\">\n\t\t\t<div class=\"elementor-post__card\">\n\t\t\t\t<a class=\"elementor-post__thumbnail__link\" href=\"https:\/\/www.avenida12.com\/de\/alghero-sole-mare-e-natura-incontaminata\/\" tabindex=\"-1\" ><div class=\"elementor-post__thumbnail\"><img decoding=\"async\" width=\"300\" height=\"154\" src=\"https:\/\/www.avenida12.com\/wp-content\/uploads\/2023\/05\/Gemini_Generated_Image_3g5wkl3g5wkl3g5w-1-300x154.png\" class=\"attachment-medium size-medium wp-image-1136\" alt=\"parco di porto conte\" srcset=\"https:\/\/www.avenida12.com\/wp-content\/uploads\/2023\/05\/Gemini_Generated_Image_3g5wkl3g5wkl3g5w-1-300x154.png 300w, https:\/\/www.avenida12.com\/wp-content\/uploads\/2023\/05\/Gemini_Generated_Image_3g5wkl3g5wkl3g5w-1-1024x525.png 1024w, https:\/\/www.avenida12.com\/wp-content\/uploads\/2023\/05\/Gemini_Generated_Image_3g5wkl3g5wkl3g5w-1-768x394.png 768w, https:\/\/www.avenida12.com\/wp-content\/uploads\/2023\/05\/Gemini_Generated_Image_3g5wkl3g5wkl3g5w-1.png 1076w\" sizes=\"(max-width: 300px) 100vw, 300px\" \/><\/div><\/a>\n\t\t\t\t<div class=\"elementor-post__badge\">Blog<\/div>\n\t\t\t\t<div class=\"elementor-post__avatar\">\n\t\t\t\t\t<\/div>\n\t\t\t\t<div class=\"elementor-post__text\">\n\t\t\t\t<h3 class=\"elementor-post__title\">\n\t\t\t<a href=\"https:\/\/www.avenida12.com\/de\/alghero-sole-mare-e-natura-incontaminata\/\" >\n\t\t\t\tAlghero: Sole, mare e natura incontaminata\t\t\t<\/a>\n\t\t<\/h3>\n\t\t\t\t<div class=\"elementor-post__excerpt\">\n\t\t\t<p>Alghero: Sole, mare e natura incontaminata Alghero \u00e8 una citt\u00e0 dalle mille risorse! Ricca di servizi e comodit\u00e0 e ha anche il privilegio di essere<\/p>\n\t\t<\/div>\n\t\t\n\t\t<a class=\"elementor-post__read-more\" href=\"https:\/\/www.avenida12.com\/de\/alghero-sole-mare-e-natura-incontaminata\/\" aria-label=\"Mehr \u00fcber Alghero: Sole, mare e natura incontaminata\" tabindex=\"-1\" >\n\t\t\tLeggi Tutto \u00bb\t\t<\/a>\n\n\t\t\t\t<\/div>\n\t\t\t\t<div class=\"elementor-post__meta-data\">\n\t\t\t\t\t<span class=\"elementor-post-date\">\n\t\t\t2 Mai 2023\t\t<\/span>\n\t\t\t\t<span class=\"elementor-post-avatar\">\n\t\t\tKeine Kommentare\t\t<\/span>\n\t\t\t\t<\/div>\n\t\t\t\t\t<\/div>\n\t\t<\/article>\n\t\t\t\t<article class=\"elementor-post elementor-grid-item post-869 post type-post status-publish format-standard has-post-thumbnail hentry category-blog-de\">\n\t\t\t<div class=\"elementor-post__card\">\n\t\t\t\t<a class=\"elementor-post__thumbnail__link\" href=\"https:\/\/www.avenida12.com\/de\/la-magia-del-centro-storico-algherese\/\" tabindex=\"-1\" ><div class=\"elementor-post__thumbnail\"><img fetchpriority=\"high\" decoding=\"async\" width=\"300\" height=\"169\" src=\"https:\/\/www.avenida12.com\/wp-content\/uploads\/2023\/05\/Gemini_Generated_Image_twlh24twlh24twlh-1-300x169.png\" class=\"attachment-medium size-medium wp-image-1150\" alt=\"centro storico alghero\" srcset=\"https:\/\/www.avenida12.com\/wp-content\/uploads\/2023\/05\/Gemini_Generated_Image_twlh24twlh24twlh-1-300x169.png 300w, https:\/\/www.avenida12.com\/wp-content\/uploads\/2023\/05\/Gemini_Generated_Image_twlh24twlh24twlh-1-1024x576.png 1024w, https:\/\/www.avenida12.com\/wp-content\/uploads\/2023\/05\/Gemini_Generated_Image_twlh24twlh24twlh-1-768x432.png 768w, https:\/\/www.avenida12.com\/wp-content\/uploads\/2023\/05\/Gemini_Generated_Image_twlh24twlh24twlh-1.png 1366w\" sizes=\"(max-width: 300px) 100vw, 300px\" \/><\/div><\/a>\n\t\t\t\t<div class=\"elementor-post__badge\">Blog<\/div>\n\t\t\t\t<div class=\"elementor-post__avatar\">\n\t\t\t\t\t<\/div>\n\t\t\t\t<div class=\"elementor-post__text\">\n\t\t\t\t<h3 class=\"elementor-post__title\">\n\t\t\t<a href=\"https:\/\/www.avenida12.com\/de\/la-magia-del-centro-storico-algherese\/\" >\n\t\t\t\tLa magia del Centro Storico algherese\t\t\t<\/a>\n\t\t<\/h3>\n\t\t\t\t<div class=\"elementor-post__excerpt\">\n\t\t\t<p>Innamorati anche tu del Centro Storico di Alghero Lasciati conquistare dalle bellezze del centro storico di Alghero! Passeggiando tra gli stretti viottoli in pietra, puoi<\/p>\n\t\t<\/div>\n\t\t\n\t\t<a class=\"elementor-post__read-more\" href=\"https:\/\/www.avenida12.com\/de\/la-magia-del-centro-storico-algherese\/\" aria-label=\"Mehr \u00fcber La magia del Centro Storico algherese\" tabindex=\"-1\" >\n\t\t\tLeggi Tutto \u00bb\t\t<\/a>\n\n\t\t\t\t<\/div>\n\t\t\t\t<div class=\"elementor-post__meta-data\">\n\t\t\t\t\t<span class=\"elementor-post-date\">\n\t\t\t2 Mai 2023\t\t<\/span>\n\t\t\t\t<span class=\"elementor-post-avatar\">\n\t\t\tKeine Kommentare\t\t<\/span>\n\t\t\t\t<\/div>\n\t\t\t\t\t<\/div>\n\t\t<\/article>\n\t\t\t\t<article class=\"elementor-post elementor-grid-item post-873 post type-post status-publish format-standard has-post-thumbnail hentry category-blog-de\">\n\t\t\t<div class=\"elementor-post__card\">\n\t\t\t\t<a class=\"elementor-post__thumbnail__link\" href=\"https:\/\/www.avenida12.com\/de\/alghero-una-citta-che-resta-nel-cuore\/\" tabindex=\"-1\" ><div class=\"elementor-post__thumbnail\"><img decoding=\"async\" width=\"300\" height=\"200\" src=\"https:\/\/www.avenida12.com\/wp-content\/uploads\/2023\/04\/BBB-6-300x200.jpg\" class=\"attachment-medium size-medium wp-image-646\" alt=\"\" srcset=\"https:\/\/www.avenida12.com\/wp-content\/uploads\/2023\/04\/BBB-6-300x200.jpg 300w, https:\/\/www.avenida12.com\/wp-content\/uploads\/2023\/04\/BBB-6.jpg 680w\" sizes=\"(max-width: 300px) 100vw, 300px\" \/><\/div><\/a>\n\t\t\t\t<div class=\"elementor-post__badge\">Blog<\/div>\n\t\t\t\t<div class=\"elementor-post__avatar\">\n\t\t\t\t\t<\/div>\n\t\t\t\t<div class=\"elementor-post__text\">\n\t\t\t\t<h3 class=\"elementor-post__title\">\n\t\t\t<a href=\"https:\/\/www.avenida12.com\/de\/alghero-una-citta-che-resta-nel-cuore\/\" >\n\t\t\t\tAlghero: una citt\u00e0 che resta nel cuore\t\t\t<\/a>\n\t\t<\/h3>\n\t\t\t\t<div class=\"elementor-post__excerpt\">\n\t\t\t<p>Alghero: una citt\u00e0 che resta nel cuore Suggestiva, comoda, frizzante! Alghero \u00e8 una citt\u00e0 a misura d\u2019uomo tutta da vivere, 365 giorni l\u2019anno. Un moderno<\/p>\n\t\t<\/div>\n\t\t\n\t\t<a class=\"elementor-post__read-more\" href=\"https:\/\/www.avenida12.com\/de\/alghero-una-citta-che-resta-nel-cuore\/\" aria-label=\"Mehr \u00fcber Alghero: una citt\u00e0 che resta nel cuore\" tabindex=\"-1\" >\n\t\t\tLeggi Tutto \u00bb\t\t<\/a>\n\n\t\t\t\t<\/div>\n\t\t\t\t<div class=\"elementor-post__meta-data\">\n\t\t\t\t\t<span class=\"elementor-post-date\">\n\t\t\t2 Mai 2023\t\t<\/span>\n\t\t\t\t<span class=\"elementor-post-avatar\">\n\t\t\tKeine Kommentare\t\t<\/span>\n\t\t\t\t<\/div>\n\t\t\t\t\t<\/div>\n\t\t<\/article>\n\t\t\t\t<\/div>\n\t\t\n\t\t\t\t\t\t<\/div>\n\t\t\t\t<\/div>\n\t\t\t\t<div class=\"elementor-element elementor-element-2df0103 elementor-widget elementor-widget-spacer\" data-id=\"2df0103\" data-element_type=\"widget\" data-widget_type=\"spacer.default\">\n\t\t\t\t<div class=\"elementor-widget-container\">\n\t\t\t\t\t\t\t<div class=\"elementor-spacer\">\n\t\t\t<div class=\"elementor-spacer-inner\"><\/div>\n\t\t<\/div>\n\t\t\t\t\t\t<\/div>\n\t\t\t\t<\/div>\n\t\t\t\t\t<\/div>\n\t\t<\/div>\n\t\t\t\t\t<\/div>\n\t\t<\/section>\n\t\t\t\t<\/div>\n\t\t","protected":false},"excerpt":{"rendered":"","protected":false},"author":1,"featured_media":0,"parent":0,"menu_order":0,"comment_status":"closed","ping_status":"closed","template":"elementor_header_footer","meta":{"footnotes":""},"class_list":["post-936","page","type-page","status-publish","hentry"],"yoast_head":"<!-- This site is optimized with the Yoast SEO plugin v25.2 - https:\/\/yoast.com\/wordpress\/plugins\/seo\/ -->\n<title>Blog - Avenida 12<\/title>\n<meta name=\"robots\" content=\"index, follow, max-snippet:-1, max-image-preview:large, max-video-preview:-1\" \/>\n<link rel=\"canonical\" href=\"https:\/\/www.avenida12.com\/de\/blog\/\" \/>\n<meta property=\"og:locale\" content=\"de_DE\" \/>\n<meta property=\"og:type\" content=\"article\" \/>\n<meta property=\"og:title\" content=\"Blog - Avenida 12\" \/>\n<meta property=\"og:url\" content=\"https:\/\/www.avenida12.com\/de\/blog\/\" \/>\n<meta property=\"og:site_name\" content=\"Avenida 12\" \/>\n<meta name=\"twitter:card\" content=\"summary_large_image\" \/>\n<meta name=\"twitter:label1\" content=\"Gesch\u00e4tzte Lesezeit\" \/>\n\t<meta name=\"twitter:data1\" content=\"2\u00a0Minuten\" \/>\n<script type=\"application\/ld+json\" class=\"yoast-schema-graph\">{\"@context\":\"https:\/\/schema.org\",\"@graph\":[{\"@type\":\"WebPage\",\"@id\":\"https:\/\/www.avenida12.com\/de\/blog\/\",\"url\":\"https:\/\/www.avenida12.com\/de\/blog\/\",\"name\":\"Blog - Avenida 12\",\"isPartOf\":{\"@id\":\"https:\/\/www.avenida12.com\/#website\"},\"datePublished\":\"2023-04-13T10:41:14+00:00\",\"breadcrumb\":{\"@id\":\"https:\/\/www.avenida12.com\/de\/blog\/#breadcrumb\"},\"inLanguage\":\"de\",\"potentialAction\":[{\"@type\":\"ReadAction\",\"target\":[\"https:\/\/www.avenida12.com\/de\/blog\/\"]}]},{\"@type\":\"BreadcrumbList\",\"@id\":\"https:\/\/www.avenida12.com\/de\/blog\/#breadcrumb\",\"itemListElement\":[{\"@type\":\"ListItem\",\"position\":1,\"name\":\"Home\",\"item\":\"https:\/\/www.avenida12.com\/de\/\"},{\"@type\":\"ListItem\",\"position\":2,\"name\":\"Blog\"}]},{\"@type\":\"WebSite\",\"@id\":\"https:\/\/www.avenida12.com\/#website\",\"url\":\"https:\/\/www.avenida12.com\/\",\"name\":\"Avenida 12\",\"description\":\"Alghero Rooms\",\"publisher\":{\"@id\":\"https:\/\/www.avenida12.com\/#organization\"},\"potentialAction\":[{\"@type\":\"SearchAction\",\"target\":{\"@type\":\"EntryPoint\",\"urlTemplate\":\"https:\/\/www.avenida12.com\/?s={search_term_string}\"},\"query-input\":{\"@type\":\"PropertyValueSpecification\",\"valueRequired\":true,\"valueName\":\"search_term_string\"}}],\"inLanguage\":\"de\"},{\"@type\":\"Organization\",\"@id\":\"https:\/\/www.avenida12.com\/#organization\",\"name\":\"Avenida 12\",\"url\":\"https:\/\/www.avenida12.com\/\",\"logo\":{\"@type\":\"ImageObject\",\"inLanguage\":\"de\",\"@id\":\"https:\/\/www.avenida12.com\/#\/schema\/logo\/image\/\",\"url\":\"https:\/\/www.avenida12.com\/wp-content\/uploads\/2023\/04\/logo.png\",\"contentUrl\":\"https:\/\/www.avenida12.com\/wp-content\/uploads\/2023\/04\/logo.png\",\"width\":232,\"height\":128,\"caption\":\"Avenida 12\"},\"image\":{\"@id\":\"https:\/\/www.avenida12.com\/#\/schema\/logo\/image\/\"}}]}<\/script>\n<!-- \/ Yoast SEO plugin. -->","yoast_head_json":{"title":"Blog - Avenida 12","robots":{"index":"index","follow":"follow","max-snippet":"max-snippet:-1","max-image-preview":"max-image-preview:large","max-video-preview":"max-video-preview:-1"},"canonical":"https:\/\/www.avenida12.com\/de\/blog\/","og_locale":"de_DE","og_type":"article","og_title":"Blog - Avenida 12","og_url":"https:\/\/www.avenida12.com\/de\/blog\/","og_site_name":"Avenida 12","twitter_card":"summary_large_image","twitter_misc":{"Gesch\u00e4tzte Lesezeit":"2\u00a0Minuten"},"schema":{"@context":"https:\/\/schema.org","@graph":[{"@type":"WebPage","@id":"https:\/\/www.avenida12.com\/de\/blog\/","url":"https:\/\/www.avenida12.com\/de\/blog\/","name":"Blog - Avenida 12","isPartOf":{"@id":"https:\/\/www.avenida12.com\/#website"},"datePublished":"2023-04-13T10:41:14+00:00","breadcrumb":{"@id":"https:\/\/www.avenida12.com\/de\/blog\/#breadcrumb"},"inLanguage":"de","potentialAction":[{"@type":"ReadAction","target":["https:\/\/www.avenida12.com\/de\/blog\/"]}]},{"@type":"BreadcrumbList","@id":"https:\/\/www.avenida12.com\/de\/blog\/#breadcrumb","itemListElement":[{"@type":"ListItem","position":1,"name":"Home","item":"https:\/\/www.avenida12.com\/de\/"},{"@type":"ListItem","position":2,"name":"Blog"}]},{"@type":"WebSite","@id":"https:\/\/www.avenida12.com\/#website","url":"https:\/\/www.avenida12.com\/","name":"Avenida 12","description":"Alghero Rooms","publisher":{"@id":"https:\/\/www.avenida12.com\/#organization"},"potentialAction":[{"@type":"SearchAction","target":{"@type":"EntryPoint","urlTemplate":"https:\/\/www.avenida12.com\/?s={search_term_string}"},"query-input":{"@type":"PropertyValueSpecification","valueRequired":true,"valueName":"search_term_string"}}],"inLanguage":"de"},{"@type":"Organization","@id":"https:\/\/www.avenida12.com\/#organization","name":"Avenida 12","url":"https:\/\/www.avenida12.com\/","logo":{"@type":"ImageObject","inLanguage":"de","@id":"https:\/\/www.avenida12.com\/#\/schema\/logo\/image\/","url":"https:\/\/www.avenida12.com\/wp-content\/uploads\/2023\/04\/logo.png","contentUrl":"https:\/\/www.avenida12.com\/wp-content\/uploads\/2023\/04\/logo.png","width":232,"height":128,"caption":"Avenida 12"},"image":{"@id":"https:\/\/www.avenida12.com\/#\/schema\/logo\/image\/"}}]}},"_links":{"self":[{"href":"https:\/\/www.avenida12.com\/de\/wp-json\/wp\/v2\/pages\/936","targetHints":{"allow":["GET"]}}],"collection":[{"href":"https:\/\/www.avenida12.com\/de\/wp-json\/wp\/v2\/pages"}],"about":[{"href":"https:\/\/www.avenida12.com\/de\/wp-json\/wp\/v2\/types\/page"}],"author":[{"embeddable":true,"href":"https:\/\/www.avenida12.com\/de\/wp-json\/wp\/v2\/users\/1"}],"replies":[{"embeddable":true,"href":"https:\/\/www.avenida12.com\/de\/wp-json\/wp\/v2\/comments?post=936"}],"version-history":[{"count":0,"href":"https:\/\/www.avenida12.com\/de\/wp-json\/wp\/v2\/pages\/936\/revisions"}],"wp:attachment":[{"href":"https:\/\/www.avenida12.com\/de\/wp-json\/wp\/v2\/media?parent=936"}],"curies":[{"name":"wp","href":"https:\/\/api.w.org\/{rel}","templated":true}]}}